{"id":721,"date":"2022-01-28T10:26:23","date_gmt":"2022-01-28T10:26:23","guid":{"rendered":"https:\/\/demo.creativethemes.com\/elementor\/justice\/?page_id=3"},"modified":"2025-06-03T19:36:41","modified_gmt":"2025-06-04T01:36:41","slug":"privacy-policy","status":"publish","type":"page","link":"https:\/\/gmattorneyscr.com\/esn\/privacy-policy\/","title":{"rendered":"Pol\u00edtica de privacidad"},"content":{"rendered":"\t\t<div data-elementor-type=\"wp-page\" data-elementor-id=\"721\" class=\"elementor elementor-721\">\n\t\t\t\t<div class=\"elementor-element elementor-element-00ca370 e-flex e-con-boxed e-con e-parent\" data-id=\"00ca370\" data-element_type=\"container\" data-e-type=\"container\">\n\t\t\t\t\t<div class=\"e-con-inner\">\n\t\t\t\t<div class=\"elementor-element elementor-element-316b89a elementor-invisible elementor-widget elementor-widget-heading\" data-id=\"316b89a\" data-element_type=\"widget\" data-e-type=\"widget\" data-settings=\"{&quot;_animation&quot;:&quot;fadeInUp&quot;}\" data-widget_type=\"heading.default\">\n\t\t\t\t<div class=\"elementor-widget-container\">\n\t\t\t\t\t<h2 class=\"elementor-heading-title elementor-size-default\">AVISO LEGAL Y POL\u00cdTICA DE PRIVACIDAD<\/h2>\t\t\t\t<\/div>\n\t\t\t\t<\/div>\n\t\t\t\t\t<\/div>\n\t\t\t\t<\/div>\n\t\t<div class=\"elementor-element elementor-element-48d6fb8 e-flex e-con-boxed e-con e-parent\" data-id=\"48d6fb8\" data-element_type=\"container\" data-e-type=\"container\">\n\t\t\t\t\t<div class=\"e-con-inner\">\n\t\t\t\t<div class=\"elementor-element elementor-element-6a39111 elementor-invisible elementor-widget elementor-widget-text-editor\" data-id=\"6a39111\" data-element_type=\"widget\" data-e-type=\"widget\" data-settings=\"{&quot;_animation&quot;:&quot;fadeInUp&quot;}\" data-widget_type=\"text-editor.default\">\n\t\t\t\t<div class=\"elementor-widget-container\">\n\t\t\t\t\t\t\t\t\t<p data-start=\"110\" data-end=\"788\"><strong data-start=\"110\" data-end=\"788\">GM ATTORNEYS<\/strong> patrocina este sitio web con fines informativos generales sobre el bufete, y no est\u00e1 destinado a constituir publicidad, solicitud o asesor\u00eda legal. Este sitio web no debe ser utilizado ni considerado como sustituto de la consulta con un abogado, quien podr\u00e1 evaluar sus circunstancias espec\u00edficas, posibles cambios en las leyes, normas y reglamentos aplicables, y otros asuntos legales. La informaci\u00f3n y materiales contenidos en este sitio web pueden no reflejar los desarrollos legales m\u00e1s recientes, ni est\u00e1n garantizados como completos, correctos o actualizados. El uso de este sitio web no establece una relaci\u00f3n abogado-cliente ni est\u00e1 destinado a hacerlo.<\/p><p data-start=\"790\" data-end=\"1755\">Estamos muy orgullosos de los resultados que obtenemos para nuestros clientes, pero debe saber que los resultados pasados no garantizan resultados futuros; que cada caso es diferente y debe ser evaluado seg\u00fan sus propios m\u00e9ritos; y que la elecci\u00f3n de un abogado es una decisi\u00f3n importante que no debe basarse \u00fanicamente en la publicidad. Si desea que lo representemos, por favor contacte directamente a uno de nuestros abogados o haga clic en la p\u00e1gina \u201cCont\u00e1ctenos\u201d y complete el formulario proporcionado para enviarnos un mensaje electr\u00f3nico y determinar si dicha representaci\u00f3n ser\u00eda adecuada. Estaremos encantados de considerar la posibilidad de que uno de nuestros abogados lo represente. Si est\u00e1 interesado en que uno de nuestros abogados lo represente, le proporcionaremos informaci\u00f3n adicional sobre nuestras capacidades y t\u00e9rminos de contrataci\u00f3n. Por favor, no nos env\u00ede informaci\u00f3n confidencial o de propiedad sin antes recibir autorizaci\u00f3n para hacerlo.<\/p><p data-start=\"1757\" data-end=\"2135\">Si se comunica con nosotros a trav\u00e9s de este sitio web, por correo electr\u00f3nico o de otro modo en relaci\u00f3n con un asunto legal para el cual no lo representamos, su comunicaci\u00f3n puede no ser tratada como privilegiada o confidencial. Podemos tener relaciones previas con otros clientes o posibles conflictos que nos impidan representarlo o tratar su comunicaci\u00f3n como confidencial.<\/p><p data-start=\"2137\" data-end=\"2214\">GM ATTORNEYS recopila cierta informaci\u00f3n personal a trav\u00e9s de este sitio web.<\/p><p data-start=\"2216\" data-end=\"2885\">En general, no est\u00e1 obligado a proporcionar informaci\u00f3n personal para consultar nuestro sitio web. Sin embargo, puede optar por contactarnos completando el formulario en la p\u00e1gina \u201cCont\u00e1ctenos\u201d de este sitio web, en cuyo caso le solicitaremos su nombre y apellido, n\u00fameros de tel\u00e9fono y celular, direcci\u00f3n de correo electr\u00f3nico, entre otros datos. Utilizaremos su informaci\u00f3n \u00fanicamente para contactarlo y proporcionarle la informaci\u00f3n que haya solicitado. Tenga en cuenta que, para procesar su consulta, podr\u00edamos compartir su informaci\u00f3n dentro de las oficinas de GM ATTORNEYS, pero no compartiremos sus datos personales con terceros, salvo que sea requerido por ley.<\/p><p data-start=\"2887\" data-end=\"3160\">Al enviar su direcci\u00f3n de correo electr\u00f3nico a GM ATTORNEYS, usted acepta recibir correos electr\u00f3nicos sobre eventos, publicaciones y servicios del bufete que puedan ser de su inter\u00e9s. En cualquier momento podr\u00e1 optar por no recibir m\u00e1s correos electr\u00f3nicos contact\u00e1ndonos.<\/p><p data-start=\"3162\" data-end=\"3314\">Este sitio web contiene enlaces a otros sitios web. GM ATTORNEYS no es responsable por las pr\u00e1cticas de privacidad ni por el contenido de dichos sitios.<\/p><p data-start=\"3316\" data-end=\"3770\">El sitio web de GM ATTORNEYS utiliza \u201ccookies\u201d para brindarle un mejor servicio cuando regresa a nuestra p\u00e1gina. Las cookies utilizadas nos permiten conocer la fecha y hora de su \u00faltima visita, el contenido consultado y ciertos ajustes de seguridad que controlan el acceso a \u00e1reas restringidas dentro de este sitio. Puede configurar su navegador para que le notifique cuando reciba una \u201ccookie\u201d, d\u00e1ndole la oportunidad de decidir si desea aceptarla o no.<\/p><p data-start=\"3772\" data-end=\"4035\">En todo momento puede solicitar una copia de su informaci\u00f3n personal y pedir que sea corregida o actualizada en nuestros archivos. Las consultas y solicitudes deben enviarse directamente a una de nuestras oficinas o por correo electr\u00f3nico a <a class=\"cursor-pointer\" rel=\"noopener\" data-start=\"4013\" data-end=\"4035\">info@gmattorneyscr.com<\/a><\/p>\t\t\t\t\t\t\t\t<\/div>\n\t\t\t\t<\/div>\n\t\t\t\t\t<\/div>\n\t\t\t\t<\/div>\n\t\t\t\t<\/div>\n\t\t","protected":false},"excerpt":{"rendered":"<p>AVISO LEGAL Y POL\u00cdTICA DE PRIVACIDAD GM ATTORNEYS patrocina este sitio web con fines informativos generales sobre el bufete, y no est\u00e1 destinado a constituir publicidad, solicitud o asesor\u00eda legal. Este sitio web no debe ser utilizado ni considerado como sustituto de la consulta con un abogado, quien podr\u00e1 evaluar sus circunstancias espec\u00edficas, posibles cambios [&hellip;]<\/p>\n","protected":false},"author":1,"featured_media":0,"parent":0,"menu_order":0,"comment_status":"closed","ping_status":"closed","template":"","meta":{"_themeisle_gutenberg_block_has_review":false,"footnotes":""},"class_list":["post-721","page","type-page","status-publish","hentry"],"blocksy_meta":[],"aioseo_notices":[],"jetpack_sharing_enabled":true,"_links":{"self":[{"href":"https:\/\/gmattorneyscr.com\/esn\/wp-json\/wp\/v2\/pages\/721","targetHints":{"allow":["GET"]}}],"collection":[{"href":"https:\/\/gmattorneyscr.com\/esn\/wp-json\/wp\/v2\/pages"}],"about":[{"href":"https:\/\/gmattorneyscr.com\/esn\/wp-json\/wp\/v2\/types\/page"}],"author":[{"embeddable":true,"href":"https:\/\/gmattorneyscr.com\/esn\/wp-json\/wp\/v2\/users\/1"}],"replies":[{"embeddable":true,"href":"https:\/\/gmattorneyscr.com\/esn\/wp-json\/wp\/v2\/comments?post=721"}],"version-history":[{"count":8,"href":"https:\/\/gmattorneyscr.com\/esn\/wp-json\/wp\/v2\/pages\/721\/revisions"}],"predecessor-version":[{"id":3564,"href":"https:\/\/gmattorneyscr.com\/esn\/wp-json\/wp\/v2\/pages\/721\/revisions\/3564"}],"wp:attachment":[{"href":"https:\/\/gmattorneyscr.com\/esn\/wp-json\/wp\/v2\/media?parent=721"}],"curies":[{"name":"wp","href":"https:\/\/api.w.org\/{rel}","templated":true}]}}